{"id":632,"date":"2021-01-05T00:04:43","date_gmt":"2021-01-04T23:04:43","guid":{"rendered":"http:\/\/moretloingetorvanne.fr\/culture_mlo\/?page_id=632"},"modified":"2021-01-05T00:05:50","modified_gmt":"2021-01-04T23:05:50","slug":"contact-artistes","status":"publish","type":"page","link":"http:\/\/moretloingetorvanne.fr\/culture_mlo\/contact-artistes\/","title":{"rendered":"Contact Artistes"},"content":{"rendered":"<div role=\"form\" class=\"wpcf7\" id=\"wpcf7-f631-o1\" lang=\"fr-FR\" dir=\"ltr\">\n<div class=\"screen-reader-response\"><p role=\"status\" aria-live=\"polite\" aria-atomic=\"true\"><\/p> <ul><\/ul><\/div>\n<form action=\"\/culture_mlo\/wp-json\/wp\/v2\/pages\/632#wpcf7-f631-o1\" method=\"post\" class=\"wpcf7-form init\" novalidate=\"novalidate\" data-status=\"init\">\n<div style=\"display: none;\">\n<input type=\"hidden\" name=\"_wpcf7\" value=\"631\" \/>\n<input type=\"hidden\" name=\"_wpcf7_version\" value=\"5.5.3\" \/>\n<input type=\"hidden\" name=\"_wpcf7_locale\" value=\"fr_FR\" \/>\n<input type=\"hidden\" name=\"_wpcf7_unit_tag\" value=\"wpcf7-f631-o1\" \/>\n<input type=\"hidden\" name=\"_wpcf7_container_post\" value=\"0\" \/>\n<input type=\"hidden\" name=\"_wpcf7_posted_data_hash\" value=\"\" \/>\n<\/div>\n<p>Votre nom (obligatoire) :<br \/>\n    <span class=\"wpcf7-form-control-wrap your-name\"><input type=\"text\" name=\"your-name\" value=\"\" size=\"40\" class=\"wpcf7-form-control wpcf7-text wpcf7-validates-as-required\" aria-required=\"true\" aria-invalid=\"false\" \/><\/span> <\/p>\n<p>Votre adresse courriel (obligatoire) :<br \/>\n    <span class=\"wpcf7-form-control-wrap your-email\"><input type=\"email\" name=\"your-email\" value=\"\" size=\"40\" class=\"wpcf7-form-control wpcf7-text wpcf7-email wpcf7-validates-as-required wpcf7-validates-as-email\" aria-required=\"true\" aria-invalid=\"false\" \/><\/span> <\/p>\n<p><label>Votre num\u00e9ro de t\u00e9l\u00e9phone :<br \/>\n   <span class=\"wpcf7-form-control-wrap tel-683\"><input type=\"tel\" name=\"tel-683\" value=\"\" size=\"40\" class=\"wpcf7-form-control wpcf7-text wpcf7-tel wpcf7-validates-as-tel\" aria-invalid=\"false\" \/><\/span><\/label><\/p>\n<p><label>Votre adresse postale :(obligatoire)<br \/>\n    <span class=\"wpcf7-form-control-wrap your-adress\"><input type=\"text\" name=\"your-adress\" value=\"\" size=\"40\" class=\"wpcf7-form-control wpcf7-text wpcf7-validates-as-required\" aria-required=\"true\" aria-invalid=\"false\" \/><\/span> <\/label><\/p>\n<p><label>S\u00e9lectionnez l'artiste que vous souhaitez contacter :<\/label><br \/>\n<span class=\"wpcf7-form-control-wrap menu-837\"><select name=\"menu-837\" class=\"wpcf7-form-control wpcf7-select wpcf7-validates-as-required\" aria-required=\"true\" aria-invalid=\"false\"><option value=\"Salima Elkebir\">Salima Elkebir<\/option><option value=\"Emeline Bernaciak\">Emeline Bernaciak<\/option><option value=\"Brooke Major\">Brooke Major<\/option><option value=\"St\u00e9phanie Lecoustey\">St\u00e9phanie Lecoustey<\/option><option value=\"Katherine Dara\">Katherine Dara<\/option><option value=\"Andr\u00e9 Dognon\">Andr\u00e9 Dognon<\/option><option value=\"Robert Fernandez\">Robert Fernandez<\/option><option value=\"Brice Friggi\">Brice Friggi<\/option><option value=\"Solenne Lemoigne\">Solenne Lemoigne<\/option><option value=\"Gu\u00e9na\u00ebl Beschi\">Gu\u00e9na\u00ebl Beschi<\/option><option value=\"Laura Graell-Girgas\">Laura Graell-Girgas<\/option><option value=\"Catherine Roze\">Catherine Roze<\/option><option value=\"Michel Fremont\">Michel Fremont<\/option><option value=\"Jean-Baptiste Rigail\">Jean-Baptiste Rigail<\/option><option value=\"Mira T.\">Mira T.<\/option><option value=\"Claudine Cuvelier-Crinquette\">Claudine Cuvelier-Crinquette<\/option><option value=\"Bernard Poussin\">Bernard Poussin<\/option><option value=\"Avie Soldani\">Avie Soldani<\/option><option value=\"Edith Tijani\">Edith Tijani<\/option><option value=\"Eric Caudron\">Eric Caudron<\/option><option value=\"Bettina Schopphoff\">Bettina Schopphoff<\/option><option value=\"Florica Dragan\">Florica Dragan<\/option><option value=\"Marl\u00e8ne Boucicaud\">Marl\u00e8ne Boucicaud<\/option><option value=\"Elisabeth Bullet\">Elisabeth Bullet<\/option><option value=\"Michel Buret\">Michel Buret<\/option><option value=\"David Da Costa\">David Da Costa<\/option><option value=\"Isabelle Bardin\">Isabelle Bardin<\/option><option value=\"Guy Blan\u00e8s\">Guy Blan\u00e8s<\/option><option value=\"Aur\u00e9lien Tranchet\">Aur\u00e9lien Tranchet<\/option><option value=\"Fran\u00e7ois Bhavsar\">Fran\u00e7ois Bhavsar<\/option><\/select><\/span><\/p>\n<p><label>Sujet<br \/>\n    <span class=\"wpcf7-form-control-wrap your-subject\"><input type=\"text\" name=\"your-subject\" value=\"\" size=\"40\" class=\"wpcf7-form-control wpcf7-text\" aria-invalid=\"false\" \/><\/span> <\/label><\/p>\n<p><label>Votre Message<br \/>\n    <span class=\"wpcf7-form-control-wrap your-message\"><textarea name=\"your-message\" cols=\"40\" rows=\"10\" class=\"wpcf7-form-control wpcf7-textarea\" aria-invalid=\"false\"><\/textarea><\/span> <\/label><\/p>\n<p><label> Prouvez que vous \u00eates un humain : r\u00e9pondez \u00e0 cette question :<br \/>\n<span class=\"wpcf7-form-control-wrap quiz-france\"><label><span class=\"wpcf7-quiz-label\">Quelle est la capitale de la France ?<\/span> <input type=\"text\" name=\"quiz-france\" size=\"40\" class=\"wpcf7-form-control wpcf7-quiz\" autocomplete=\"off\" aria-required=\"true\" aria-invalid=\"false\" \/><\/label><input type=\"hidden\" name=\"_wpcf7_quiz_answer_quiz-france\" value=\"1a455463f3c17107785cc16c4f4da84e\" \/><\/span> <\/label><\/p>\n<p><input type=\"submit\" value=\"Envoyer\" class=\"wpcf7-form-control has-spinner wpcf7-submit\" \/><\/p>\n<div class=\"wpcf7-response-output\" aria-hidden=\"true\"><\/div><\/form><\/div>\n","protected":false},"excerpt":{"rendered":"","protected":false},"author":4,"featured_media":0,"parent":0,"menu_order":0,"comment_status":"closed","ping_status":"closed","template":"","meta":{"ngg_post_thumbnail":0,"_links_to":"","_links_to_target":""},"_links":{"self":[{"href":"http:\/\/moretloingetorvanne.fr\/culture_mlo\/wp-json\/wp\/v2\/pages\/632"}],"collection":[{"href":"http:\/\/moretloingetorvanne.fr\/culture_mlo\/wp-json\/wp\/v2\/pages"}],"about":[{"href":"http:\/\/moretloingetorvanne.fr\/culture_mlo\/wp-json\/wp\/v2\/types\/page"}],"author":[{"embeddable":true,"href":"http:\/\/moretloingetorvanne.fr\/culture_mlo\/wp-json\/wp\/v2\/users\/4"}],"replies":[{"embeddable":true,"href":"http:\/\/moretloingetorvanne.fr\/culture_mlo\/wp-json\/wp\/v2\/comments?post=632"}],"version-history":[{"count":2,"href":"http:\/\/moretloingetorvanne.fr\/culture_mlo\/wp-json\/wp\/v2\/pages\/632\/revisions"}],"predecessor-version":[{"id":635,"href":"http:\/\/moretloingetorvanne.fr\/culture_mlo\/wp-json\/wp\/v2\/pages\/632\/revisions\/635"}],"wp:attachment":[{"href":"http:\/\/moretloingetorvanne.fr\/culture_mlo\/wp-json\/wp\/v2\/media?parent=632"}],"curies":[{"name":"wp","href":"https:\/\/api.w.org\/{rel}","templated":true}]}}