{"id":118,"date":"2020-12-18T12:37:02","date_gmt":"2020-12-18T11:37:02","guid":{"rendered":"http:\/\/moretloingetorvanne.fr\/ccas\/?page_id=118"},"modified":"2020-12-18T16:03:09","modified_gmt":"2020-12-18T15:03:09","slug":"le-ccas","status":"publish","type":"page","link":"https:\/\/moretloingetorvanne.fr\/ccas\/le-ccas\/","title":{"rendered":"Le CCAS"},"content":{"rendered":"\n<div class=\"entry\">\n<p><strong>Centre Communal d\u2019Action Sociale de Moret-Loing-et-Orvanne<br><\/strong><\/p>\n<h3><strong>Antenne de Veneux-Les Sablons \/ \u00c9cuelles<br><\/strong><\/h3>\n<p>Madame Marion NICAT<\/p>\n<p>Place du 11 Novembre \u2013 Veneux-Les Sablons<br>77250 Moret-Loing-Et-Orvanne<br>T\u00e9l\u00e9phone&nbsp;: 01 60 70 52 38 \u2013 Fax&nbsp;: 01 60 70 93 59<br>Mail&nbsp;:&nbsp;<a href=\"mailto:ccas.veneux@moretloingetorvanne.fr\">ccas.veneux@moretloingetorvanne.fr<\/a><\/p>\n<p>Horaire d\u2019ouverture&nbsp;: du Lundi au Vendredi de 9h \u00e0 12h<\/p>\n<h3><strong>Antenne de Moret-sur-Loing \/ \u00c9pisy \/ Montarlot<br><\/strong><\/h3>\n<p>Madame Christine PINON<\/p>\n<p>26, Rue Grande \u2013 Moret-sur-Loing<br>77250 Moret-Loing-Et-Orvanne<br>T\u00e9l\u00e9phone : 01 60 73 51 58<br>Mail :&nbsp;<a href=\"mailto:ccas@moretloingetorvanne.fr\">ccas@moretloingetorvanne.fr<\/a><br>Horaire d\u2019ouverture&nbsp;: du Lundi au Vendredi de 15h \u00e0 17h<\/p>\n<p>&nbsp;<\/p>\n<p>Le CCAS est un \u00e9tablissement public administratif, charg\u00e9 de mettre en \u0153uvre la politique d\u2019Action Sociale de la ville.<\/p>\n<p>Il anime une action g\u00e9n\u00e9rale de pr\u00e9vention et de d\u00e9veloppement social dans la commune en liaison \u00e9troite avec les institutions publiques, associatives et priv\u00e9es.<\/p>\n<p>Le CCAS&nbsp;est administr\u00e9 par un Conseil d\u2019Administration qui est l\u2019organe d\u00e9lib\u00e9rant. Il&nbsp; intervient principalement dans trois domaines : l\u2019Aide Sociale L\u00e9gale, l\u2019Aide Sociale Facultative&nbsp;et l\u2019animation des activit\u00e9s sociales.<\/p>\n<p>Pour cela, il d\u00e9veloppe des missions&nbsp;visant \u00e0 assister et soutenir les populations concern\u00e9es telles que les personnes handicap\u00e9es, les familles en difficult\u00e9s ou les personnes \u00e2g\u00e9es.<\/p>\n<p>Dans le cadre de ses missions Sociales L\u00e9gales, le CCAS instruit des demandes d\u2019Aide Sociale et les transmet aux autorit\u00e9s ayant en charge la gestion de ces dossiers.<\/p>\n<p>Dans le cadre de l\u2019Aide Sociale Facultative, le CCAS s\u2019occupe d\u2019accompagner les administr\u00e9s en difficult\u00e9 et d\u2019octroyer&nbsp;des aides telles que des secours d\u2019urgence ou des bons alimentaires quand cela est n\u00e9cessaire.<\/p>\n<p>Enfin, le CCAS organise et met en place certaines actions sociales dont l\u2019int\u00e9r\u00eat va directement aux habitants de la commune (en faveur des seniors, des jeunes, des populations fragilis\u00e9es etc\u2026).<\/p>\n<\/div>\n","protected":false},"excerpt":{"rendered":"<p>Centre Communal d\u2019Action Sociale de Moret-Loing-et-Orvanne Antenne de Veneux-Les Sablons \/ \u00c9cuelles Madame Marion NICAT Place du 11 Novembre \u2013 Veneux-Les Sablons77250 Moret-Loing-Et-OrvanneT\u00e9l\u00e9phone&nbsp;: 01 60 70 52 38 \u2013 Fax&nbsp;: [&hellip;]<\/p>\n","protected":false},"author":1,"featured_media":0,"parent":0,"menu_order":0,"comment_status":"closed","ping_status":"closed","template":"","meta":{"_bbp_topic_count":0,"_bbp_reply_count":0,"_bbp_total_topic_count":0,"_bbp_total_reply_count":0,"_bbp_voice_count":0,"_bbp_anonymous_reply_count":0,"_bbp_topic_count_hidden":0,"_bbp_reply_count_hidden":0,"_bbp_forum_subforum_count":0,"ngg_post_thumbnail":0,"footnotes":"","_links_to":"","_links_to_target":""},"class_list":["post-118","page","type-page","status-publish","hentry"],"_links":{"self":[{"href":"https:\/\/moretloingetorvanne.fr\/ccas\/wp-json\/wp\/v2\/pages\/118","targetHints":{"allow":["GET"]}}],"collection":[{"href":"https:\/\/moretloingetorvanne.fr\/ccas\/wp-json\/wp\/v2\/pages"}],"about":[{"href":"https:\/\/moretloingetorvanne.fr\/ccas\/wp-json\/wp\/v2\/types\/page"}],"author":[{"embeddable":true,"href":"https:\/\/moretloingetorvanne.fr\/ccas\/wp-json\/wp\/v2\/users\/1"}],"replies":[{"embeddable":true,"href":"https:\/\/moretloingetorvanne.fr\/ccas\/wp-json\/wp\/v2\/comments?post=118"}],"version-history":[{"count":2,"href":"https:\/\/moretloingetorvanne.fr\/ccas\/wp-json\/wp\/v2\/pages\/118\/revisions"}],"predecessor-version":[{"id":163,"href":"https:\/\/moretloingetorvanne.fr\/ccas\/wp-json\/wp\/v2\/pages\/118\/revisions\/163"}],"wp:attachment":[{"href":"https:\/\/moretloingetorvanne.fr\/ccas\/wp-json\/wp\/v2\/media?parent=118"}],"curies":[{"name":"wp","href":"https:\/\/api.w.org\/{rel}","templated":true}]}}