{"id":97,"date":"2020-12-18T12:26:04","date_gmt":"2020-12-18T11:26:04","guid":{"rendered":"http:\/\/moretloingetorvanne.fr\/ccas\/?page_id=97"},"modified":"2021-02-18T10:49:21","modified_gmt":"2021-02-18T09:49:21","slug":"accueil","status":"publish","type":"page","link":"https:\/\/moretloingetorvanne.fr\/ccas\/","title":{"rendered":"Accueil"},"content":{"rendered":"\n<p><img loading=\"lazy\" decoding=\"async\" class=\"alignnone wp-image-391 size-large\" src=\"http:\/\/moretloingetorvanne.fr\/ccas\/wp-content\/uploads\/2020\/12\/photo-page-de-garde-site-CCAS-1024x548.jpg\" alt=\"\" width=\"1024\" height=\"548\" srcset=\"https:\/\/moretloingetorvanne.fr\/ccas\/wp-content\/uploads\/2020\/12\/photo-page-de-garde-site-CCAS-1024x548.jpg 1024w, https:\/\/moretloingetorvanne.fr\/ccas\/wp-content\/uploads\/2020\/12\/photo-page-de-garde-site-CCAS-300x161.jpg 300w, https:\/\/moretloingetorvanne.fr\/ccas\/wp-content\/uploads\/2020\/12\/photo-page-de-garde-site-CCAS-768x411.jpg 768w, https:\/\/moretloingetorvanne.fr\/ccas\/wp-content\/uploads\/2020\/12\/photo-page-de-garde-site-CCAS-1536x822.jpg 1536w, https:\/\/moretloingetorvanne.fr\/ccas\/wp-content\/uploads\/2020\/12\/photo-page-de-garde-site-CCAS-2048x1096.jpg 2048w, https:\/\/moretloingetorvanne.fr\/ccas\/wp-content\/uploads\/2020\/12\/photo-page-de-garde-site-CCAS-150x80.jpg 150w\" sizes=\"auto, (max-width: 1024px) 100vw, 1024px\" \/><\/p>\n<p><strong>Pr\u00e9sident du CCAS : Dikran ZAKEOSSIAN \u2013 Maire de Moret-Loing-et-Orvanne<br \/><\/strong><\/p>\n<p><strong>Vice-Pr\u00e9sidente du CCAS : Sylvie SOUCHARD \u2013 Conseill\u00e8re Municipale d\u00e9l\u00e9gu\u00e9e aux Solidarit\u00e9s<br \/><\/strong><\/p>\n<h3><strong>Antenne d&rsquo;\u00c9cuelles<br \/><\/strong><\/h3>\n<p>Madame Marion NICAT<br \/>en Mairie d\u00e9l\u00e9gu\u00e9e 45 rue Georges Villette<br \/>tous les jeudis apr\u00e8s-midis de 13h30 \u00e0 17h.<br \/>T\u00e9l\u00e9phone : 01 60 70 55 04<br \/>Mail\u00a0: <a href=\"mailto:ccas.veneux@moretloingetorvanne.fr\">ccas.veneux@moretloingetorvanne.fr<\/a><\/p>\n<h3><strong>Antenne d&rsquo;\u00c9pisy<br \/><\/strong><\/h3>\n<p>Madame Christine PINON<br \/>en mairie d\u00e9l\u00e9gu\u00e9e, 26 Grande Rue<br \/>tous les jeudis matins de 8h30 \u00e0 12h en semaines impaires.<br \/>T\u00e9l\u00e9phone : <span role=\"link\" aria-label=\"Appeler le 01 64 45 80 61\">01 64 45 80 61<\/span><br \/>Mail\u00a0: <a href=\"mailto:ccas@moretloingetorvanne.fr\">ccas.@moretloingetorvanne.fr<\/a><\/p>\n<h3><strong>Antenne de Montarlot<br \/><\/strong><\/h3>\n<p>Madame Christine PINON<br \/>en mairie d\u00e9l\u00e9gu\u00e9e, 16 rue des Joncs<br \/>tous lundis matins de 8h30 \u00e0 12h en semaines paires.<br \/>T\u00e9l\u00e9phone : 01 60 70 82 97<br \/>Mail\u00a0: <a href=\"mailto:ccas.@moretloingetorvanne.fr\">ccas.@moretloingetorvanne.fr<\/a><\/p>\n<h3><strong>Antenne de Moret-sur-Loing<br \/><\/strong><\/h3>\n<p>Madame Christine PINON<br \/>en mairie d\u00e9l\u00e9gu\u00e9e, 26 rue Grande<br \/>du lundi au vendredi de 15h \u00e0 17h<br \/>T\u00e9l\u00e9phone : 01 60 73 51 58<br \/>Mail :\u00a0<a href=\"mailto:ccas@moretloingetorvanne.fr\">ccas@moretloingetorvanne.fr<\/a>\u200b<\/p>\n<h3><strong>Antenne de Veneux-Les Sablons<br \/><\/strong><\/h3>\n<p>Madame Marion NICAT<br \/>en Mairie d\u00e9l\u00e9gu\u00e9e, place du 11 novembre 1918<br \/>du lundi au vendredi de 9h \u00e0 12h.<br \/>T\u00e9l\u00e9phone : 01 60 70 60 87<br \/>Mail\u00a0: <a href=\"mailto:ccas.veneux@moretloingetorvanne.fr\">ccas.veneux@moretloingetorvanne.fr<\/a><\/p>\n<p><strong>Conditions d\u2019acc\u00e8s au public\u00a0 :\u00a0<\/strong><\/p>\n<ul>\n<li>Port du masque obligatoire<\/li>\n<\/ul>\n<p>\u00a0<\/p>\n","protected":false},"excerpt":{"rendered":"<p>Pr\u00e9sident du CCAS : Dikran ZAKEOSSIAN \u2013 Maire de Moret-Loing-et-Orvanne Vice-Pr\u00e9sidente du CCAS : Sylvie SOUCHARD \u2013 Conseill\u00e8re Municipale d\u00e9l\u00e9gu\u00e9e aux Solidarit\u00e9s Antenne d&rsquo;\u00c9cuelles Madame Marion NICATen Mairie d\u00e9l\u00e9gu\u00e9e 45 [&hellip;]<\/p>\n","protected":false},"author":1,"featured_media":0,"parent":0,"menu_order":0,"comment_status":"closed","ping_status":"closed","template":"","meta":{"_bbp_topic_count":0,"_bbp_reply_count":0,"_bbp_total_topic_count":0,"_bbp_total_reply_count":0,"_bbp_voice_count":0,"_bbp_anonymous_reply_count":0,"_bbp_topic_count_hidden":0,"_bbp_reply_count_hidden":0,"_bbp_forum_subforum_count":0,"ngg_post_thumbnail":0,"footnotes":"","_links_to":"","_links_to_target":""},"class_list":["post-97","page","type-page","status-publish","hentry"],"_links":{"self":[{"href":"https:\/\/moretloingetorvanne.fr\/ccas\/wp-json\/wp\/v2\/pages\/97","targetHints":{"allow":["GET"]}}],"collection":[{"href":"https:\/\/moretloingetorvanne.fr\/ccas\/wp-json\/wp\/v2\/pages"}],"about":[{"href":"https:\/\/moretloingetorvanne.fr\/ccas\/wp-json\/wp\/v2\/types\/page"}],"author":[{"embeddable":true,"href":"https:\/\/moretloingetorvanne.fr\/ccas\/wp-json\/wp\/v2\/users\/1"}],"replies":[{"embeddable":true,"href":"https:\/\/moretloingetorvanne.fr\/ccas\/wp-json\/wp\/v2\/comments?post=97"}],"version-history":[{"count":7,"href":"https:\/\/moretloingetorvanne.fr\/ccas\/wp-json\/wp\/v2\/pages\/97\/revisions"}],"predecessor-version":[{"id":494,"href":"https:\/\/moretloingetorvanne.fr\/ccas\/wp-json\/wp\/v2\/pages\/97\/revisions\/494"}],"wp:attachment":[{"href":"https:\/\/moretloingetorvanne.fr\/ccas\/wp-json\/wp\/v2\/media?parent=97"}],"curies":[{"name":"wp","href":"https:\/\/api.w.org\/{rel}","templated":true}]}}